{"id":10,"date":"2021-03-19T16:59:08","date_gmt":"2021-03-19T15:59:08","guid":{"rendered":"https:\/\/birdielex.fr\/?page_id=10"},"modified":"2025-01-16T05:06:05","modified_gmt":"2025-01-16T04:06:05","slug":"accueil","status":"publish","type":"page","link":"https:\/\/birdielex.fr\/en\/","title":{"rendered":"Home"},"content":{"rendered":"<div class=\"wp-block-cover alignwide has-parallax\"><span aria-hidden=\"true\" class=\"wp-block-cover__background has-background-dim-80 has-background-dim wp-block-cover__gradient-background has-background-gradient\" style=\"background:linear-gradient(225deg,rgb(52,52,52) 0%,rgb(6,7,9) 100%)\"><\/span><div class=\"wp-block-cover__image-background wp-image-401 has-parallax\" style=\"background-position:50% 50%;background-image:url(https:\/\/birdielex.fr\/wp-content\/uploads\/BirdieLex_accueil.jpg)\"><\/div><div class=\"wp-block-cover__inner-container is-layout-flow wp-block-cover-is-layout-flow\"><div class=\"wp-block-image\">\n<figure class=\"aligncenter size-large\"><img loading=\"lazy\" decoding=\"async\" width=\"1024\" height=\"230\" src=\"https:\/\/birdielex.fr\/wp-content\/uploads\/BL-logo-grey-1024x230.png\" alt=\"\" class=\"wp-image-47\" srcset=\"\" sizes=\"auto, (max-width: 1024px) 100vw, 1024px\" data-srcset=\"\" \/><\/figure>\n<\/div>\n\n\n<hr class=\"wp-block-separator has-css-opacity aligncenter\"\/>\n\n\n\n<p class=\"has-text-align-center has-text-color has-small-font-size\" style=\"color:#d3d3d3\">BIRDIELEX SAS is a Law Firm that assists corporations and individuals in Commercial Law, Labor Law and Public service Law.<\/p>\n\n\n\n<p class=\"has-text-align-center has-text-color has-small-font-size\" style=\"color:#d3d3d3\">BIRDIELEX SAS is French Law Firm based in Paris<br>20 Avenue Daumesnil \u2013 75012\u00a0Paris<br><a href=\"tel:0360194550\">Telephone: +33 3 60 19 45 50<\/a><br><a href=\"mailto: contact@birdielex.fr\">Email: contact@birdielex.fr<\/a><\/p>\n<\/div><\/div>\n\n\n\n<div class=\"wp-block-media-text alignwide is-stacked-on-mobile is-vertically-aligned-center is-image-fill-element\"><figure class=\"wp-block-media-text__media\"><img loading=\"lazy\" decoding=\"async\" width=\"1024\" height=\"683\" src=\"https:\/\/birdielex.fr\/wp-content\/uploads\/birdieLex_conseils-1024x683.jpg\" alt=\"\" class=\"wp-image-394 size-full\" style=\"object-position:50% 50%\" srcset=\"\" sizes=\"auto, (max-width: 1024px) 100vw, 1024px\" data-srcset=\"\" \/><\/figure><div class=\"wp-block-media-text__content\">\n<p class=\"has-text-align-left has-small-font-size\">BIRDIELEX SAS assists Entrepreneurs and Executives on one hand, and Employees and Officials on the other hand, with their one-off or recurring problems arising in their various interactions. The firm also provides counsels in order to effectively managing their business relationships.<\/p>\n<\/div><\/div>\n\n\n\n<div class=\"wp-block-media-text alignwide has-media-on-the-right is-stacked-on-mobile is-image-fill-element\"><div class=\"wp-block-media-text__content\">\n<p class=\"has-text-align-right has-small-font-size\">BIRDIELEX SAS plays a major role in employment relationship : the firm helps Employers to meet all their legal obligations toward their Employees and assists them in any dispute relating to the latter. The firm also provides its expertise to Employees to defend their rights, whether against a public or a private Employer.<\/p>\n<\/div><figure class=\"wp-block-media-text__media\"><img loading=\"lazy\" decoding=\"async\" width=\"1024\" height=\"768\" src=\"https:\/\/birdielex.fr\/wp-content\/uploads\/birdielex_CduTravails-1024x768.jpg\" alt=\"\" class=\"wp-image-386 size-full\" style=\"object-position:50% 50%\" srcset=\"\" sizes=\"auto, (max-width: 1024px) 100vw, 1024px\" data-srcset=\"\" \/><\/figure><\/div>\n\n\n\n<div class=\"wp-block-media-text alignwide is-stacked-on-mobile is-image-fill-element\"><figure class=\"wp-block-media-text__media\"><img loading=\"lazy\" decoding=\"async\" width=\"1024\" height=\"683\" src=\"https:\/\/birdielex.fr\/wp-content\/uploads\/birdielex_contentieux-1024x683.jpg\" alt=\"\" class=\"wp-image-395 size-full\" style=\"object-position:50% 50%\" srcset=\"\" sizes=\"auto, (max-width: 1024px) 100vw, 1024px\" data-srcset=\"\" \/><\/figure><div class=\"wp-block-media-text__content\">\n<p class=\"has-text-align-left has-small-font-size\">BIRDIELEX SAS is a specialied firm in handling litigation. The firm puts everything in place to effectively defend its clients\u2019 interests in courts.<\/p>\n<\/div><\/div>\n\n\n\n<p><\/p>","protected":false},"excerpt":{"rendered":"<p>BIRDIELEX SAS accompagne les entrepreneurs \/ les dirigeants des soci\u00e9t\u00e9s d\u2019une part, les salari\u00e9s et les fonctionnaires d\u2019autre part, dans leurs probl\u00e9matiques ponctuelles ou r\u00e9currentes survenant dans leurs diverses interactions. Le cabinet apporte \u00e9galement des conseils visant \u00e0 g\u00e9rer efficacement leurs relations d\u2019affaires.. BIRDIELEX SAS joue un r\u00f4le majeur dans les relations salariales : le [&hellip;]<\/p>\n","protected":false},"author":1,"featured_media":0,"parent":0,"menu_order":0,"comment_status":"closed","ping_status":"closed","template":"","meta":{"footnotes":""},"class_list":["post-10","page","type-page","status-publish","hentry"],"yoast_head":"<!-- This site is optimized with the Yoast SEO plugin v27.4 - https:\/\/yoast.com\/product\/yoast-seo-wordpress\/ -->\n<title>Accueil - BIRDIELEX<\/title>\n<meta name=\"robots\" content=\"index, follow, max-snippet:-1, max-image-preview:large, max-video-preview:-1\" \/>\n<link rel=\"canonical\" href=\"https:\/\/birdielex.fr\/en\/\" \/>\n<meta property=\"og:locale\" content=\"en_GB\" \/>\n<meta property=\"og:type\" content=\"article\" \/>\n<meta property=\"og:title\" content=\"Accueil - BIRDIELEX\" \/>\n<meta property=\"og:description\" content=\"BIRDIELEX SAS accompagne les entrepreneurs \/ les dirigeants des soci\u00e9t\u00e9s d\u2019une part, les salari\u00e9s et les fonctionnaires d\u2019autre part, dans leurs probl\u00e9matiques ponctuelles ou r\u00e9currentes survenant dans leurs diverses interactions. Le cabinet apporte \u00e9galement des conseils visant \u00e0 g\u00e9rer efficacement leurs relations d\u2019affaires.. BIRDIELEX SAS joue un r\u00f4le majeur dans les relations salariales : le [&hellip;]\" \/>\n<meta property=\"og:url\" content=\"https:\/\/birdielex.fr\/en\/\" \/>\n<meta property=\"og:site_name\" content=\"BIRDIELEX\" \/>\n<meta property=\"article:modified_time\" content=\"2025-01-16T04:06:05+00:00\" \/>\n<meta property=\"og:image\" content=\"https:\/\/birdielex.fr\/wp-content\/uploads\/BL-logo-grey.png\" \/>\n\t<meta property=\"og:image:width\" content=\"2000\" \/>\n\t<meta property=\"og:image:height\" content=\"450\" \/>\n\t<meta property=\"og:image:type\" content=\"image\/png\" \/>\n<meta name=\"twitter:card\" content=\"summary_large_image\" \/>\n<meta name=\"twitter:label1\" content=\"Estimated reading time\" \/>\n\t<meta name=\"twitter:data1\" content=\"2 minutes\" \/>\n<script type=\"application\/ld+json\" class=\"yoast-schema-graph\">{\"@context\":\"https:\\\/\\\/schema.org\",\"@graph\":[{\"@type\":\"WebPage\",\"@id\":\"https:\\\/\\\/birdielex.fr\\\/\",\"url\":\"https:\\\/\\\/birdielex.fr\\\/\",\"name\":\"Accueil - BIRDIELEX\",\"isPartOf\":{\"@id\":\"https:\\\/\\\/birdielex.fr\\\/#website\"},\"primaryImageOfPage\":{\"@id\":\"https:\\\/\\\/birdielex.fr\\\/#primaryimage\"},\"image\":{\"@id\":\"https:\\\/\\\/birdielex.fr\\\/#primaryimage\"},\"thumbnailUrl\":\"https:\\\/\\\/birdielex.fr\\\/wp-content\\\/uploads\\\/BL-logo-grey-1024x230.png\",\"datePublished\":\"2021-03-19T15:59:08+00:00\",\"dateModified\":\"2025-01-16T04:06:05+00:00\",\"breadcrumb\":{\"@id\":\"https:\\\/\\\/birdielex.fr\\\/#breadcrumb\"},\"inLanguage\":\"en-GB\",\"potentialAction\":[{\"@type\":\"ReadAction\",\"target\":[\"https:\\\/\\\/birdielex.fr\\\/\"]}]},{\"@type\":\"ImageObject\",\"inLanguage\":\"en-GB\",\"@id\":\"https:\\\/\\\/birdielex.fr\\\/#primaryimage\",\"url\":\"https:\\\/\\\/birdielex.fr\\\/wp-content\\\/uploads\\\/BL-logo-grey-1024x230.png\",\"contentUrl\":\"https:\\\/\\\/birdielex.fr\\\/wp-content\\\/uploads\\\/BL-logo-grey-1024x230.png\"},{\"@type\":\"BreadcrumbList\",\"@id\":\"https:\\\/\\\/birdielex.fr\\\/#breadcrumb\",\"itemListElement\":[{\"@type\":\"ListItem\",\"position\":1,\"name\":\"Accueil\",\"item\":\"https:\\\/\\\/birdielex.fr\\\/\"},{\"@type\":\"ListItem\",\"position\":2,\"name\":\"Accueil\"}]},{\"@type\":\"WebSite\",\"@id\":\"https:\\\/\\\/birdielex.fr\\\/#website\",\"url\":\"https:\\\/\\\/birdielex.fr\\\/\",\"name\":\"BIRDIELEX\",\"description\":\"\",\"publisher\":{\"@id\":\"https:\\\/\\\/birdielex.fr\\\/#organization\"},\"potentialAction\":[{\"@type\":\"SearchAction\",\"target\":{\"@type\":\"EntryPoint\",\"urlTemplate\":\"https:\\\/\\\/birdielex.fr\\\/?s={search_term_string}\"},\"query-input\":{\"@type\":\"PropertyValueSpecification\",\"valueRequired\":true,\"valueName\":\"search_term_string\"}}],\"inLanguage\":\"en-GB\"},{\"@type\":\"Organization\",\"@id\":\"https:\\\/\\\/birdielex.fr\\\/#organization\",\"name\":\"BIRDIELEX\",\"url\":\"https:\\\/\\\/birdielex.fr\\\/\",\"logo\":{\"@type\":\"ImageObject\",\"inLanguage\":\"en-GB\",\"@id\":\"https:\\\/\\\/birdielex.fr\\\/#\\\/schema\\\/logo\\\/image\\\/\",\"url\":\"https:\\\/\\\/birdielex.fr\\\/wp-content\\\/uploads\\\/cropped-BL-logo-dark-copy2.png\",\"contentUrl\":\"https:\\\/\\\/birdielex.fr\\\/wp-content\\\/uploads\\\/cropped-BL-logo-dark-copy2.png\",\"width\":2000,\"height\":449,\"caption\":\"BIRDIELEX\"},\"image\":{\"@id\":\"https:\\\/\\\/birdielex.fr\\\/#\\\/schema\\\/logo\\\/image\\\/\"}}]}<\/script>\n<!-- \/ Yoast SEO plugin. -->","yoast_head_json":{"title":"Accueil - BIRDIELEX","robots":{"index":"index","follow":"follow","max-snippet":"max-snippet:-1","max-image-preview":"max-image-preview:large","max-video-preview":"max-video-preview:-1"},"canonical":"https:\/\/birdielex.fr\/en\/","og_locale":"en_GB","og_type":"article","og_title":"Accueil - BIRDIELEX","og_description":"BIRDIELEX SAS accompagne les entrepreneurs \/ les dirigeants des soci\u00e9t\u00e9s d\u2019une part, les salari\u00e9s et les fonctionnaires d\u2019autre part, dans leurs probl\u00e9matiques ponctuelles ou r\u00e9currentes survenant dans leurs diverses interactions. Le cabinet apporte \u00e9galement des conseils visant \u00e0 g\u00e9rer efficacement leurs relations d\u2019affaires.. BIRDIELEX SAS joue un r\u00f4le majeur dans les relations salariales : le [&hellip;]","og_url":"https:\/\/birdielex.fr\/en\/","og_site_name":"BIRDIELEX","article_modified_time":"2025-01-16T04:06:05+00:00","og_image":[{"width":2000,"height":450,"url":"https:\/\/birdielex.fr\/wp-content\/uploads\/BL-logo-grey.png","type":"image\/png"}],"twitter_card":"summary_large_image","twitter_misc":{"Estimated reading time":"2 minutes"},"schema":{"@context":"https:\/\/schema.org","@graph":[{"@type":"WebPage","@id":"https:\/\/birdielex.fr\/","url":"https:\/\/birdielex.fr\/","name":"Accueil - BIRDIELEX","isPartOf":{"@id":"https:\/\/birdielex.fr\/#website"},"primaryImageOfPage":{"@id":"https:\/\/birdielex.fr\/#primaryimage"},"image":{"@id":"https:\/\/birdielex.fr\/#primaryimage"},"thumbnailUrl":"https:\/\/birdielex.fr\/wp-content\/uploads\/BL-logo-grey-1024x230.png","datePublished":"2021-03-19T15:59:08+00:00","dateModified":"2025-01-16T04:06:05+00:00","breadcrumb":{"@id":"https:\/\/birdielex.fr\/#breadcrumb"},"inLanguage":"en-GB","potentialAction":[{"@type":"ReadAction","target":["https:\/\/birdielex.fr\/"]}]},{"@type":"ImageObject","inLanguage":"en-GB","@id":"https:\/\/birdielex.fr\/#primaryimage","url":"https:\/\/birdielex.fr\/wp-content\/uploads\/BL-logo-grey-1024x230.png","contentUrl":"https:\/\/birdielex.fr\/wp-content\/uploads\/BL-logo-grey-1024x230.png"},{"@type":"BreadcrumbList","@id":"https:\/\/birdielex.fr\/#breadcrumb","itemListElement":[{"@type":"ListItem","position":1,"name":"Accueil","item":"https:\/\/birdielex.fr\/"},{"@type":"ListItem","position":2,"name":"Accueil"}]},{"@type":"WebSite","@id":"https:\/\/birdielex.fr\/#website","url":"https:\/\/birdielex.fr\/","name":"BIRDIELEX","description":"","publisher":{"@id":"https:\/\/birdielex.fr\/#organization"},"potentialAction":[{"@type":"SearchAction","target":{"@type":"EntryPoint","urlTemplate":"https:\/\/birdielex.fr\/?s={search_term_string}"},"query-input":{"@type":"PropertyValueSpecification","valueRequired":true,"valueName":"search_term_string"}}],"inLanguage":"en-GB"},{"@type":"Organization","@id":"https:\/\/birdielex.fr\/#organization","name":"BIRDIELEX","url":"https:\/\/birdielex.fr\/","logo":{"@type":"ImageObject","inLanguage":"en-GB","@id":"https:\/\/birdielex.fr\/#\/schema\/logo\/image\/","url":"https:\/\/birdielex.fr\/wp-content\/uploads\/cropped-BL-logo-dark-copy2.png","contentUrl":"https:\/\/birdielex.fr\/wp-content\/uploads\/cropped-BL-logo-dark-copy2.png","width":2000,"height":449,"caption":"BIRDIELEX"},"image":{"@id":"https:\/\/birdielex.fr\/#\/schema\/logo\/image\/"}}]}},"_links":{"self":[{"href":"https:\/\/birdielex.fr\/en\/wp-json\/wp\/v2\/pages\/10","targetHints":{"allow":["GET"]}}],"collection":[{"href":"https:\/\/birdielex.fr\/en\/wp-json\/wp\/v2\/pages"}],"about":[{"href":"https:\/\/birdielex.fr\/en\/wp-json\/wp\/v2\/types\/page"}],"author":[{"embeddable":true,"href":"https:\/\/birdielex.fr\/en\/wp-json\/wp\/v2\/users\/1"}],"replies":[{"embeddable":true,"href":"https:\/\/birdielex.fr\/en\/wp-json\/wp\/v2\/comments?post=10"}],"version-history":[{"count":41,"href":"https:\/\/birdielex.fr\/en\/wp-json\/wp\/v2\/pages\/10\/revisions"}],"predecessor-version":[{"id":519,"href":"https:\/\/birdielex.fr\/en\/wp-json\/wp\/v2\/pages\/10\/revisions\/519"}],"wp:attachment":[{"href":"https:\/\/birdielex.fr\/en\/wp-json\/wp\/v2\/media?parent=10"}],"curies":[{"name":"wp","href":"https:\/\/api.w.org\/{rel}","templated":true}]}}