{"id":30,"date":"2021-03-19T17:59:11","date_gmt":"2021-03-19T16:59:11","guid":{"rendered":"https:\/\/birdielex.fr\/?page_id=30"},"modified":"2025-04-30T10:44:06","modified_gmt":"2025-04-30T08:44:06","slug":"specialites","status":"publish","type":"page","link":"https:\/\/birdielex.fr\/en\/specialites\/","title":{"rendered":"Areas"},"content":{"rendered":"<div class=\"wp-block-cover alignwide is-light\" style=\"min-height:320px;aspect-ratio:unset;\"><span aria-hidden=\"true\" class=\"wp-block-cover__background has-background-dim-100 has-background-dim has-background-gradient\" style=\"background:linear-gradient(225deg,rgb(52,52,52) 0%,rgb(6,7,9) 100%)\"><\/span><div class=\"wp-block-cover__inner-container is-layout-flow wp-block-cover-is-layout-flow\">\n<h1 class=\"wp-block-heading has-text-align-center has-text-color\" style=\"color:#d3d3d3\">AREAS<\/h1>\n\n\n\n<hr class=\"wp-block-separator has-css-opacity\"\/>\n\n\n\n<p class=\"has-text-align-center has-text-color has-small-font-size\" style=\"color:#d3d3d3\">BIRDIELEX SAS has developed a significant expertise in Commercial Law, in Labor Law and in Public service Law. In these three areas, BIRDIELEX SAS provides counseling and representation in litigation before all courts throughout France.<\/p>\n\n\n\n<hr class=\"wp-block-separator has-css-opacity\"\/>\n\n\n\n<p class=\"has-text-align-center has-text-color has-normal-font-size\" style=\"color:#d3d3d3\"><a href=\"https:\/\/birdielex.fr\/en\/\" data-type=\"page\" data-id=\"10\">Home<\/a> \/ <a href=\"https:\/\/birdielex.fr\/en\/fondateur\/\" data-type=\"page\" data-id=\"26\">Areas<\/a><\/p>\n<\/div><\/div>\n\n\n\n<div class=\"wp-block-group alignwide\"><div class=\"wp-block-group__inner-container is-layout-flow wp-block-group-is-layout-flow\">\n<div class=\"wp-block-columns alignwide is-layout-flex wp-container-core-columns-is-layout-9d6595d7 wp-block-columns-is-layout-flex\">\n<div class=\"wp-block-column is-layout-flow wp-block-column-is-layout-flow\">\n<div class=\"wp-block-group alignfull has-background\" style=\"background:linear-gradient(225deg,rgb(211,211,211) 2%,rgb(158,154,155) 100%)\"><div class=\"wp-block-group__inner-container is-layout-flow wp-block-group-is-layout-flow\">\n<h2 class=\"wp-block-heading has-text-align-center has-large-font-size\"><strong>Commercial Law<\/strong><\/h2>\n\n\n\n<p class=\"has-small-font-size\">Commercial Law covers all the interactions arising between traders (individuals or corporations) or relating to a trading activity, per se or by incident.<br>Commercial Law deals with a wide rang of business situations :<\/p>\n\n\n\n<ul class=\"wp-block-list has-small-font-size\">\n<li>The drafting or the performance of unique legal agreements (ex. a sales agreement ; a commercial lease),<\/li>\n\n\n\n<li>Business partners relationship,<\/li>\n\n\n\n<li>Determination of contractual liability extent (ex. General Terms and Conditions),<\/li>\n\n\n\n<li>Monitoring of a business litigation ;<\/li>\n\n\n\n<li>Intellectual property of the company;&nbsp;<\/li>\n\n\n\n<li>Bankruptcy proceedings.&nbsp;<\/li>\n<\/ul>\n<\/div><\/div>\n<\/div>\n\n\n\n<div class=\"wp-block-column is-layout-flow wp-block-column-is-layout-flow\">\n<div class=\"wp-block-group alignfull has-background\" style=\"background:linear-gradient(225deg,rgb(211,211,211) 0%,rgb(158,154,155) 100%)\"><div class=\"wp-block-group__inner-container is-layout-flow wp-block-group-is-layout-flow\">\n<h2 class=\"wp-block-heading has-text-align-center has-large-font-size\"><strong>Public Service Law<\/strong><\/h2>\n\n\n\n<p>Public service Law covers interactions between, on one hand, main public service actors, i.e State public service (ministries ; public bodies), Local public service (Regions ; municipalities) or Hospital public service and, on the other hand, its agents (official, contractual or functional posts) or its users. <br>With rare exceptions, the dispute generated by these interactions is legally assigned to the administrative courts.<\/p>\n<\/div><\/div>\n<\/div>\n<\/div>\n\n\n\n<div class=\"wp-block-columns alignwide is-layout-flex wp-container-core-columns-is-layout-9d6595d7 wp-block-columns-is-layout-flex\">\n<div class=\"wp-block-column is-layout-flow wp-block-column-is-layout-flow\">\n<div class=\"wp-block-group alignfull has-background\" style=\"background:linear-gradient(225deg,rgb(211,211,211) 0%,rgb(158,154,155) 96%)\"><div class=\"wp-block-group__inner-container is-layout-flow wp-block-group-is-layout-flow\">\n<h2 class=\"wp-block-heading has-text-align-center has-large-font-size\"><strong>Labor Law<\/strong><\/h2>\n\n\n\n<p class=\"has-small-font-size\">Employment Law monitors the relationship between, on one hand, an employer (public or private) and, on the other hand, employees covered by the Civil Law and, as such, are subject to the Labor Code.<br>Issues arisen by both of these actors\u2019 interactions (employer vs employee) are numerous and are relating, for instance, to :<\/p>\n\n\n\n<ul class=\"wp-block-list has-small-font-size\">\n<li>L\u2019\u00e9tablissement d\u2019un contrat de travail&nbsp;;<\/li>\n\n\n\n<li>La dur\u00e9e du travail&nbsp;;<\/li>\n\n\n\n<li>La r\u00e9mun\u00e9ration&nbsp;;<\/li>\n\n\n\n<li>La repr\u00e9sentation collective des salari\u00e9s&nbsp;;<\/li>\n\n\n\n<li>Les limites du contr\u00f4le des salari\u00e9s&nbsp;;<\/li>\n\n\n\n<li>L\u2019hygi\u00e8ne et la s\u00e9curit\u00e9 des salari\u00e9s&nbsp;;<\/li>\n\n\n\n<li>Le droit d\u2019alerte&nbsp;;<\/li>\n\n\n\n<li>Dispute relating to termination of an employment contract.<\/li>\n<\/ul>\n<\/div><\/div>\n<\/div>\n\n\n\n<div class=\"wp-block-column is-layout-flow wp-block-column-is-layout-flow\">\n<div class=\"wp-block-group\"><div class=\"wp-block-group__inner-container is-layout-constrained wp-block-group-is-layout-constrained\">\n<div class=\"wp-block-group\"><div class=\"wp-block-group__inner-container is-layout-constrained wp-block-group-is-layout-constrained\">\n<div class=\"wp-block-media-text is-stacked-on-mobile\"><figure class=\"wp-block-media-text__media\"><img loading=\"lazy\" decoding=\"async\" width=\"828\" height=\"1024\" src=\"https:\/\/birdielex.fr\/wp-content\/uploads\/Me-Jessica-AFULA-1-828x1024.jpg\" alt=\"\" class=\"wp-image-523 size-full\" srcset=\"https:\/\/birdielex.fr\/wp-content\/uploads\/Me-Jessica-AFULA-1-828x1024.jpg 828w, https:\/\/birdielex.fr\/wp-content\/uploads\/Me-Jessica-AFULA-1-242x300.jpg 242w, https:\/\/birdielex.fr\/wp-content\/uploads\/Me-Jessica-AFULA-1-768x950.jpg 768w, https:\/\/birdielex.fr\/wp-content\/uploads\/Me-Jessica-AFULA-1-1242x1536.jpg 1242w, https:\/\/birdielex.fr\/wp-content\/uploads\/Me-Jessica-AFULA-1-1655x2048.jpg 1655w, https:\/\/birdielex.fr\/wp-content\/uploads\/Me-Jessica-AFULA-1-10x12.jpg 10w, https:\/\/birdielex.fr\/wp-content\/uploads\/Me-Jessica-AFULA-1-1200x1485.jpg 1200w, https:\/\/birdielex.fr\/wp-content\/uploads\/Me-Jessica-AFULA-1-1980x2450.jpg 1980w\" sizes=\"auto, (max-width: 828px) 100vw, 828px\" \/><\/figure><div class=\"wp-block-media-text__content\">\n<p>Le cabinet BIRDIELEX collabore r\u00e9guli\u00e8rement avec Ma\u00eetre Jessica AFULA en droit commercial et en droit des soci\u00e9t\u00e9s.<\/p>\n<\/div><\/div>\n<\/div><\/div>\n<\/div><\/div>\n<\/div>\n<\/div>\n<\/div><\/div>\n\n\n\n<p><\/p>","protected":false},"excerpt":{"rendered":"<p>Droit commercial Les relations commerciales recouvrent, de mani\u00e8re g\u00e9n\u00e9rale, l\u2019ensemble des interactions intervenant entre commer\u00e7ants (personnes physiques ou personnes morales) ou en raison d\u2019une activit\u00e9 consid\u00e9r\u00e9e, par nature ou par accessoire, comme commerciale.Le Droit commercial r\u00e9git ainsi plusieurs situations de la vie des affaires, \u00e0 savoir notamment : Droit de la Fonction Publique Le droit [&hellip;]<\/p>\n","protected":false},"author":1,"featured_media":0,"parent":0,"menu_order":0,"comment_status":"closed","ping_status":"closed","template":"","meta":{"footnotes":""},"class_list":["post-30","page","type-page","status-publish","hentry"],"yoast_head":"<!-- This site is optimized with the Yoast SEO plugin v27.5 - https:\/\/yoast.com\/product\/yoast-seo-wordpress\/ -->\n<title>Sp\u00e9cialit\u00e9s - BIRDIELEX<\/title>\n<meta name=\"robots\" content=\"index, follow, max-snippet:-1, max-image-preview:large, max-video-preview:-1\" \/>\n<link rel=\"canonical\" href=\"https:\/\/birdielex.fr\/en\/specialites\/\" \/>\n<meta property=\"og:locale\" content=\"en_GB\" \/>\n<meta property=\"og:type\" content=\"article\" \/>\n<meta property=\"og:title\" content=\"Sp\u00e9cialit\u00e9s - BIRDIELEX\" \/>\n<meta property=\"og:description\" content=\"Droit commercial Les relations commerciales recouvrent, de mani\u00e8re g\u00e9n\u00e9rale, l\u2019ensemble des interactions intervenant entre commer\u00e7ants (personnes physiques ou personnes morales) ou en raison d\u2019une activit\u00e9 consid\u00e9r\u00e9e, par nature ou par accessoire, comme commerciale.Le Droit commercial r\u00e9git ainsi plusieurs situations de la vie des affaires, \u00e0 savoir notamment : Droit de la Fonction Publique Le droit [&hellip;]\" \/>\n<meta property=\"og:url\" content=\"https:\/\/birdielex.fr\/en\/specialites\/\" \/>\n<meta property=\"og:site_name\" content=\"BIRDIELEX\" \/>\n<meta property=\"article:modified_time\" content=\"2025-04-30T08:44:06+00:00\" \/>\n<meta property=\"og:image\" content=\"https:\/\/birdielex.fr\/wp-content\/uploads\/Me-Jessica-AFULA-1-scaled.jpg\" \/>\n\t<meta property=\"og:image:width\" content=\"2069\" \/>\n\t<meta property=\"og:image:height\" content=\"2560\" \/>\n\t<meta property=\"og:image:type\" content=\"image\/jpeg\" \/>\n<meta name=\"twitter:card\" content=\"summary_large_image\" \/>\n<meta name=\"twitter:label1\" content=\"Estimated reading time\" \/>\n\t<meta name=\"twitter:data1\" content=\"2 minutes\" \/>\n<script type=\"application\/ld+json\" class=\"yoast-schema-graph\">{\"@context\":\"https:\\\/\\\/schema.org\",\"@graph\":[{\"@type\":\"WebPage\",\"@id\":\"https:\\\/\\\/birdielex.fr\\\/specialites\\\/\",\"url\":\"https:\\\/\\\/birdielex.fr\\\/specialites\\\/\",\"name\":\"Sp\u00e9cialit\u00e9s - BIRDIELEX\",\"isPartOf\":{\"@id\":\"https:\\\/\\\/birdielex.fr\\\/#website\"},\"primaryImageOfPage\":{\"@id\":\"https:\\\/\\\/birdielex.fr\\\/specialites\\\/#primaryimage\"},\"image\":{\"@id\":\"https:\\\/\\\/birdielex.fr\\\/specialites\\\/#primaryimage\"},\"thumbnailUrl\":\"https:\\\/\\\/birdielex.fr\\\/wp-content\\\/uploads\\\/Me-Jessica-AFULA-1-828x1024.jpg\",\"datePublished\":\"2021-03-19T16:59:11+00:00\",\"dateModified\":\"2025-04-30T08:44:06+00:00\",\"breadcrumb\":{\"@id\":\"https:\\\/\\\/birdielex.fr\\\/specialites\\\/#breadcrumb\"},\"inLanguage\":\"en-GB\",\"potentialAction\":[{\"@type\":\"ReadAction\",\"target\":[\"https:\\\/\\\/birdielex.fr\\\/specialites\\\/\"]}]},{\"@type\":\"ImageObject\",\"inLanguage\":\"en-GB\",\"@id\":\"https:\\\/\\\/birdielex.fr\\\/specialites\\\/#primaryimage\",\"url\":\"https:\\\/\\\/birdielex.fr\\\/wp-content\\\/uploads\\\/Me-Jessica-AFULA-1-828x1024.jpg\",\"contentUrl\":\"https:\\\/\\\/birdielex.fr\\\/wp-content\\\/uploads\\\/Me-Jessica-AFULA-1-828x1024.jpg\"},{\"@type\":\"BreadcrumbList\",\"@id\":\"https:\\\/\\\/birdielex.fr\\\/specialites\\\/#breadcrumb\",\"itemListElement\":[{\"@type\":\"ListItem\",\"position\":1,\"name\":\"Accueil\",\"item\":\"https:\\\/\\\/birdielex.fr\\\/\"},{\"@type\":\"ListItem\",\"position\":2,\"name\":\"Sp\u00e9cialit\u00e9s\"}]},{\"@type\":\"WebSite\",\"@id\":\"https:\\\/\\\/birdielex.fr\\\/#website\",\"url\":\"https:\\\/\\\/birdielex.fr\\\/\",\"name\":\"BIRDIELEX\",\"description\":\"\",\"publisher\":{\"@id\":\"https:\\\/\\\/birdielex.fr\\\/#organization\"},\"potentialAction\":[{\"@type\":\"SearchAction\",\"target\":{\"@type\":\"EntryPoint\",\"urlTemplate\":\"https:\\\/\\\/birdielex.fr\\\/?s={search_term_string}\"},\"query-input\":{\"@type\":\"PropertyValueSpecification\",\"valueRequired\":true,\"valueName\":\"search_term_string\"}}],\"inLanguage\":\"en-GB\"},{\"@type\":\"Organization\",\"@id\":\"https:\\\/\\\/birdielex.fr\\\/#organization\",\"name\":\"BIRDIELEX\",\"url\":\"https:\\\/\\\/birdielex.fr\\\/\",\"logo\":{\"@type\":\"ImageObject\",\"inLanguage\":\"en-GB\",\"@id\":\"https:\\\/\\\/birdielex.fr\\\/#\\\/schema\\\/logo\\\/image\\\/\",\"url\":\"https:\\\/\\\/birdielex.fr\\\/wp-content\\\/uploads\\\/cropped-BL-logo-dark-copy2.png\",\"contentUrl\":\"https:\\\/\\\/birdielex.fr\\\/wp-content\\\/uploads\\\/cropped-BL-logo-dark-copy2.png\",\"width\":2000,\"height\":449,\"caption\":\"BIRDIELEX\"},\"image\":{\"@id\":\"https:\\\/\\\/birdielex.fr\\\/#\\\/schema\\\/logo\\\/image\\\/\"}}]}<\/script>\n<!-- \/ Yoast SEO plugin. -->","yoast_head_json":{"title":"Sp\u00e9cialit\u00e9s - BIRDIELEX","robots":{"index":"index","follow":"follow","max-snippet":"max-snippet:-1","max-image-preview":"max-image-preview:large","max-video-preview":"max-video-preview:-1"},"canonical":"https:\/\/birdielex.fr\/en\/specialites\/","og_locale":"en_GB","og_type":"article","og_title":"Sp\u00e9cialit\u00e9s - BIRDIELEX","og_description":"Droit commercial Les relations commerciales recouvrent, de mani\u00e8re g\u00e9n\u00e9rale, l\u2019ensemble des interactions intervenant entre commer\u00e7ants (personnes physiques ou personnes morales) ou en raison d\u2019une activit\u00e9 consid\u00e9r\u00e9e, par nature ou par accessoire, comme commerciale.Le Droit commercial r\u00e9git ainsi plusieurs situations de la vie des affaires, \u00e0 savoir notamment : Droit de la Fonction Publique Le droit [&hellip;]","og_url":"https:\/\/birdielex.fr\/en\/specialites\/","og_site_name":"BIRDIELEX","article_modified_time":"2025-04-30T08:44:06+00:00","og_image":[{"width":2069,"height":2560,"url":"https:\/\/birdielex.fr\/wp-content\/uploads\/Me-Jessica-AFULA-1-scaled.jpg","type":"image\/jpeg"}],"twitter_card":"summary_large_image","twitter_misc":{"Estimated reading time":"2 minutes"},"schema":{"@context":"https:\/\/schema.org","@graph":[{"@type":"WebPage","@id":"https:\/\/birdielex.fr\/specialites\/","url":"https:\/\/birdielex.fr\/specialites\/","name":"Sp\u00e9cialit\u00e9s - BIRDIELEX","isPartOf":{"@id":"https:\/\/birdielex.fr\/#website"},"primaryImageOfPage":{"@id":"https:\/\/birdielex.fr\/specialites\/#primaryimage"},"image":{"@id":"https:\/\/birdielex.fr\/specialites\/#primaryimage"},"thumbnailUrl":"https:\/\/birdielex.fr\/wp-content\/uploads\/Me-Jessica-AFULA-1-828x1024.jpg","datePublished":"2021-03-19T16:59:11+00:00","dateModified":"2025-04-30T08:44:06+00:00","breadcrumb":{"@id":"https:\/\/birdielex.fr\/specialites\/#breadcrumb"},"inLanguage":"en-GB","potentialAction":[{"@type":"ReadAction","target":["https:\/\/birdielex.fr\/specialites\/"]}]},{"@type":"ImageObject","inLanguage":"en-GB","@id":"https:\/\/birdielex.fr\/specialites\/#primaryimage","url":"https:\/\/birdielex.fr\/wp-content\/uploads\/Me-Jessica-AFULA-1-828x1024.jpg","contentUrl":"https:\/\/birdielex.fr\/wp-content\/uploads\/Me-Jessica-AFULA-1-828x1024.jpg"},{"@type":"BreadcrumbList","@id":"https:\/\/birdielex.fr\/specialites\/#breadcrumb","itemListElement":[{"@type":"ListItem","position":1,"name":"Accueil","item":"https:\/\/birdielex.fr\/"},{"@type":"ListItem","position":2,"name":"Sp\u00e9cialit\u00e9s"}]},{"@type":"WebSite","@id":"https:\/\/birdielex.fr\/#website","url":"https:\/\/birdielex.fr\/","name":"BIRDIELEX","description":"","publisher":{"@id":"https:\/\/birdielex.fr\/#organization"},"potentialAction":[{"@type":"SearchAction","target":{"@type":"EntryPoint","urlTemplate":"https:\/\/birdielex.fr\/?s={search_term_string}"},"query-input":{"@type":"PropertyValueSpecification","valueRequired":true,"valueName":"search_term_string"}}],"inLanguage":"en-GB"},{"@type":"Organization","@id":"https:\/\/birdielex.fr\/#organization","name":"BIRDIELEX","url":"https:\/\/birdielex.fr\/","logo":{"@type":"ImageObject","inLanguage":"en-GB","@id":"https:\/\/birdielex.fr\/#\/schema\/logo\/image\/","url":"https:\/\/birdielex.fr\/wp-content\/uploads\/cropped-BL-logo-dark-copy2.png","contentUrl":"https:\/\/birdielex.fr\/wp-content\/uploads\/cropped-BL-logo-dark-copy2.png","width":2000,"height":449,"caption":"BIRDIELEX"},"image":{"@id":"https:\/\/birdielex.fr\/#\/schema\/logo\/image\/"}}]}},"_links":{"self":[{"href":"https:\/\/birdielex.fr\/en\/wp-json\/wp\/v2\/pages\/30","targetHints":{"allow":["GET"]}}],"collection":[{"href":"https:\/\/birdielex.fr\/en\/wp-json\/wp\/v2\/pages"}],"about":[{"href":"https:\/\/birdielex.fr\/en\/wp-json\/wp\/v2\/types\/page"}],"author":[{"embeddable":true,"href":"https:\/\/birdielex.fr\/en\/wp-json\/wp\/v2\/users\/1"}],"replies":[{"embeddable":true,"href":"https:\/\/birdielex.fr\/en\/wp-json\/wp\/v2\/comments?post=30"}],"version-history":[{"count":60,"href":"https:\/\/birdielex.fr\/en\/wp-json\/wp\/v2\/pages\/30\/revisions"}],"predecessor-version":[{"id":535,"href":"https:\/\/birdielex.fr\/en\/wp-json\/wp\/v2\/pages\/30\/revisions\/535"}],"wp:attachment":[{"href":"https:\/\/birdielex.fr\/en\/wp-json\/wp\/v2\/media?parent=30"}],"curies":[{"name":"wp","href":"https:\/\/api.w.org\/{rel}","templated":true}]}}