{"id":325,"date":"2021-03-21T23:21:14","date_gmt":"2021-03-21T22:21:14","guid":{"rendered":"https:\/\/birdielex.fr\/?page_id=325"},"modified":"2021-03-21T23:29:52","modified_gmt":"2021-03-21T22:29:52","slug":"honoraires","status":"publish","type":"page","link":"https:\/\/birdielex.fr\/en\/honoraires\/","title":{"rendered":"Fees"},"content":{"rendered":"<div class=\"wp-block-cover alignwide has-background-dim has-background-gradient\" style=\"background:linear-gradient(225deg,rgb(52,52,52) 0%,rgb(6,7,9) 100%);min-height:320px;aspect-ratio:unset;\"><div class=\"wp-block-cover__inner-container is-layout-flow wp-block-cover-is-layout-flow\">\n<h1 class=\"has-text-align-center has-text-color wp-block-heading\" style=\"color:#d3d3d3\">FEES<\/h1>\n\n\n\n<hr class=\"wp-block-separator\"\/>\n\n\n\n<p class=\"has-text-align-center has-text-color has-normal-font-size\" style=\"color:#d3d3d3\"><a href=\"https:\/\/birdielex.fr\/en\/\" data-type=\"page\" data-id=\"10\">Home<\/a> \/ <a href=\"https:\/\/birdielex.fr\/en\/honoraires\/\" data-type=\"page\" data-id=\"325\">Fees<\/a><\/p>\n<\/div><\/div>\n\n\n\n<div class=\"wp-block-columns alignwide is-layout-flex wp-container-core-columns-is-layout-9d6595d7 wp-block-columns-is-layout-flex\">\n<div class=\"wp-block-column is-layout-flow wp-block-column-is-layout-flow\" style=\"flex-basis:100%\">\n<div class=\"wp-block-group alignfull has-background\" style=\"background:linear-gradient(225deg,rgb(211,211,211) 0%,rgb(158,154,155) 100%)\"><div class=\"wp-block-group__inner-container is-layout-flow wp-block-group-is-layout-flow\">\n<p class=\"has-drop-cap has-small-font-size\">The fees are determined in a written fee agreement signed between BIRDIELEX and the client. This agreement indicates the mission entrusted to the firm as well as the amount of the fee.<\/p>\n\n\n\n<p class=\"has-small-font-size\">Two types of fees can be applied depending on the nature of the case : a hourly rate (time-based fee) or a flat rate (flat-based fee).<\/p>\n\n\n\n<p class=\"has-small-font-size\">In general, the flat rate is applied in cases where the foreseeable duration is difficult to determine.<\/p>\n\n\n\n<p class=\"has-small-font-size\">In the case of litigation before the Labour Court or any other Civil, Administrative or Commercial Court, the lawyer's remuneration is set at a fixed rate.<\/p>\n\n\n\n<p class=\"has-small-font-size\">This fixed rate is generally accompanied by a result fee of at least 10% (excluding taxes) of the gain obtained by the client. On this point, it must be reminded that the lawyer\u2019s remuneration cannot be only based on a result fee (article 10 of the 91-647 of 10 July 1991 legal provisions).<\/p>\n\n\n\n<p class=\"has-small-font-size\">Apart from these assumptions, a time-based fee can be applied on the basis of an hourly rate. This hourly rate is often better suited to a specific task whose duration can be determined in advance.<\/p>\n\n\n\n<p class=\"has-small-font-size\">Contact BIRDIELEX to obtain a proposal for a fee agreement.<\/p>\n<\/div><\/div>\n<\/div>\n<\/div>","protected":false},"excerpt":{"rendered":"<p>Les honoraires sont d\u00e9termin\u00e9s dans une convention d\u2019honoraires \u00e9crite et sign\u00e9e entre BIRDIELEX et le client. Cette convention indique la mission qui lui est confi\u00e9e ainsi que le montant de sa r\u00e9mun\u00e9ration. Deux types de tarification peuvent \u00eatre appliqu\u00e9es en fonction de la nature du dossier : un tarif horaire ou un tarif forfaitaire. En [&hellip;]<\/p>\n","protected":false},"author":1,"featured_media":0,"parent":0,"menu_order":0,"comment_status":"closed","ping_status":"closed","template":"","meta":{"footnotes":""},"class_list":["post-325","page","type-page","status-publish","hentry"],"yoast_head":"<!-- This site is optimized with the Yoast SEO plugin v27.4 - https:\/\/yoast.com\/product\/yoast-seo-wordpress\/ -->\n<title>Honoraires - BIRDIELEX<\/title>\n<meta name=\"robots\" content=\"index, follow, max-snippet:-1, max-image-preview:large, max-video-preview:-1\" \/>\n<link rel=\"canonical\" href=\"https:\/\/birdielex.fr\/en\/honoraires\/\" \/>\n<meta property=\"og:locale\" content=\"en_GB\" \/>\n<meta property=\"og:type\" content=\"article\" \/>\n<meta property=\"og:title\" content=\"Honoraires - BIRDIELEX\" \/>\n<meta property=\"og:description\" content=\"Les honoraires sont d\u00e9termin\u00e9s dans une convention d\u2019honoraires \u00e9crite et sign\u00e9e entre BIRDIELEX et le client. Cette convention indique la mission qui lui est confi\u00e9e ainsi que le montant de sa r\u00e9mun\u00e9ration. Deux types de tarification peuvent \u00eatre appliqu\u00e9es en fonction de la nature du dossier : un tarif horaire ou un tarif forfaitaire. En [&hellip;]\" \/>\n<meta property=\"og:url\" content=\"https:\/\/birdielex.fr\/en\/honoraires\/\" \/>\n<meta property=\"og:site_name\" content=\"BIRDIELEX\" \/>\n<meta property=\"article:modified_time\" content=\"2021-03-21T22:29:52+00:00\" \/>\n<meta name=\"twitter:card\" content=\"summary_large_image\" \/>\n<meta name=\"twitter:label1\" content=\"Estimated reading time\" \/>\n\t<meta name=\"twitter:data1\" content=\"1 minute\" \/>\n<script type=\"application\/ld+json\" class=\"yoast-schema-graph\">{\"@context\":\"https:\\\/\\\/schema.org\",\"@graph\":[{\"@type\":\"WebPage\",\"@id\":\"https:\\\/\\\/birdielex.fr\\\/honoraires\\\/\",\"url\":\"https:\\\/\\\/birdielex.fr\\\/honoraires\\\/\",\"name\":\"Honoraires - BIRDIELEX\",\"isPartOf\":{\"@id\":\"https:\\\/\\\/birdielex.fr\\\/#website\"},\"datePublished\":\"2021-03-21T22:21:14+00:00\",\"dateModified\":\"2021-03-21T22:29:52+00:00\",\"breadcrumb\":{\"@id\":\"https:\\\/\\\/birdielex.fr\\\/honoraires\\\/#breadcrumb\"},\"inLanguage\":\"en-GB\",\"potentialAction\":[{\"@type\":\"ReadAction\",\"target\":[\"https:\\\/\\\/birdielex.fr\\\/honoraires\\\/\"]}]},{\"@type\":\"BreadcrumbList\",\"@id\":\"https:\\\/\\\/birdielex.fr\\\/honoraires\\\/#breadcrumb\",\"itemListElement\":[{\"@type\":\"ListItem\",\"position\":1,\"name\":\"Accueil\",\"item\":\"https:\\\/\\\/birdielex.fr\\\/\"},{\"@type\":\"ListItem\",\"position\":2,\"name\":\"Honoraires\"}]},{\"@type\":\"WebSite\",\"@id\":\"https:\\\/\\\/birdielex.fr\\\/#website\",\"url\":\"https:\\\/\\\/birdielex.fr\\\/\",\"name\":\"BIRDIELEX\",\"description\":\"\",\"publisher\":{\"@id\":\"https:\\\/\\\/birdielex.fr\\\/#organization\"},\"potentialAction\":[{\"@type\":\"SearchAction\",\"target\":{\"@type\":\"EntryPoint\",\"urlTemplate\":\"https:\\\/\\\/birdielex.fr\\\/?s={search_term_string}\"},\"query-input\":{\"@type\":\"PropertyValueSpecification\",\"valueRequired\":true,\"valueName\":\"search_term_string\"}}],\"inLanguage\":\"en-GB\"},{\"@type\":\"Organization\",\"@id\":\"https:\\\/\\\/birdielex.fr\\\/#organization\",\"name\":\"BIRDIELEX\",\"url\":\"https:\\\/\\\/birdielex.fr\\\/\",\"logo\":{\"@type\":\"ImageObject\",\"inLanguage\":\"en-GB\",\"@id\":\"https:\\\/\\\/birdielex.fr\\\/#\\\/schema\\\/logo\\\/image\\\/\",\"url\":\"https:\\\/\\\/birdielex.fr\\\/wp-content\\\/uploads\\\/cropped-BL-logo-dark-copy2.png\",\"contentUrl\":\"https:\\\/\\\/birdielex.fr\\\/wp-content\\\/uploads\\\/cropped-BL-logo-dark-copy2.png\",\"width\":2000,\"height\":449,\"caption\":\"BIRDIELEX\"},\"image\":{\"@id\":\"https:\\\/\\\/birdielex.fr\\\/#\\\/schema\\\/logo\\\/image\\\/\"}}]}<\/script>\n<!-- \/ Yoast SEO plugin. -->","yoast_head_json":{"title":"Honoraires - BIRDIELEX","robots":{"index":"index","follow":"follow","max-snippet":"max-snippet:-1","max-image-preview":"max-image-preview:large","max-video-preview":"max-video-preview:-1"},"canonical":"https:\/\/birdielex.fr\/en\/honoraires\/","og_locale":"en_GB","og_type":"article","og_title":"Honoraires - BIRDIELEX","og_description":"Les honoraires sont d\u00e9termin\u00e9s dans une convention d\u2019honoraires \u00e9crite et sign\u00e9e entre BIRDIELEX et le client. Cette convention indique la mission qui lui est confi\u00e9e ainsi que le montant de sa r\u00e9mun\u00e9ration. Deux types de tarification peuvent \u00eatre appliqu\u00e9es en fonction de la nature du dossier : un tarif horaire ou un tarif forfaitaire. En [&hellip;]","og_url":"https:\/\/birdielex.fr\/en\/honoraires\/","og_site_name":"BIRDIELEX","article_modified_time":"2021-03-21T22:29:52+00:00","twitter_card":"summary_large_image","twitter_misc":{"Estimated reading time":"1 minute"},"schema":{"@context":"https:\/\/schema.org","@graph":[{"@type":"WebPage","@id":"https:\/\/birdielex.fr\/honoraires\/","url":"https:\/\/birdielex.fr\/honoraires\/","name":"Honoraires - BIRDIELEX","isPartOf":{"@id":"https:\/\/birdielex.fr\/#website"},"datePublished":"2021-03-21T22:21:14+00:00","dateModified":"2021-03-21T22:29:52+00:00","breadcrumb":{"@id":"https:\/\/birdielex.fr\/honoraires\/#breadcrumb"},"inLanguage":"en-GB","potentialAction":[{"@type":"ReadAction","target":["https:\/\/birdielex.fr\/honoraires\/"]}]},{"@type":"BreadcrumbList","@id":"https:\/\/birdielex.fr\/honoraires\/#breadcrumb","itemListElement":[{"@type":"ListItem","position":1,"name":"Accueil","item":"https:\/\/birdielex.fr\/"},{"@type":"ListItem","position":2,"name":"Honoraires"}]},{"@type":"WebSite","@id":"https:\/\/birdielex.fr\/#website","url":"https:\/\/birdielex.fr\/","name":"BIRDIELEX","description":"","publisher":{"@id":"https:\/\/birdielex.fr\/#organization"},"potentialAction":[{"@type":"SearchAction","target":{"@type":"EntryPoint","urlTemplate":"https:\/\/birdielex.fr\/?s={search_term_string}"},"query-input":{"@type":"PropertyValueSpecification","valueRequired":true,"valueName":"search_term_string"}}],"inLanguage":"en-GB"},{"@type":"Organization","@id":"https:\/\/birdielex.fr\/#organization","name":"BIRDIELEX","url":"https:\/\/birdielex.fr\/","logo":{"@type":"ImageObject","inLanguage":"en-GB","@id":"https:\/\/birdielex.fr\/#\/schema\/logo\/image\/","url":"https:\/\/birdielex.fr\/wp-content\/uploads\/cropped-BL-logo-dark-copy2.png","contentUrl":"https:\/\/birdielex.fr\/wp-content\/uploads\/cropped-BL-logo-dark-copy2.png","width":2000,"height":449,"caption":"BIRDIELEX"},"image":{"@id":"https:\/\/birdielex.fr\/#\/schema\/logo\/image\/"}}]}},"_links":{"self":[{"href":"https:\/\/birdielex.fr\/en\/wp-json\/wp\/v2\/pages\/325","targetHints":{"allow":["GET"]}}],"collection":[{"href":"https:\/\/birdielex.fr\/en\/wp-json\/wp\/v2\/pages"}],"about":[{"href":"https:\/\/birdielex.fr\/en\/wp-json\/wp\/v2\/types\/page"}],"author":[{"embeddable":true,"href":"https:\/\/birdielex.fr\/en\/wp-json\/wp\/v2\/users\/1"}],"replies":[{"embeddable":true,"href":"https:\/\/birdielex.fr\/en\/wp-json\/wp\/v2\/comments?post=325"}],"version-history":[{"count":8,"href":"https:\/\/birdielex.fr\/en\/wp-json\/wp\/v2\/pages\/325\/revisions"}],"predecessor-version":[{"id":336,"href":"https:\/\/birdielex.fr\/en\/wp-json\/wp\/v2\/pages\/325\/revisions\/336"}],"wp:attachment":[{"href":"https:\/\/birdielex.fr\/en\/wp-json\/wp\/v2\/media?parent=325"}],"curies":[{"name":"wp","href":"https:\/\/api.w.org\/{rel}","templated":true}]}}