{"id":37,"date":"2021-03-19T18:00:30","date_gmt":"2021-03-19T17:00:30","guid":{"rendered":"https:\/\/birdielex.fr\/?page_id=37"},"modified":"2021-03-21T23:47:16","modified_gmt":"2021-03-21T22:47:16","slug":"mentions-legales","status":"publish","type":"page","link":"https:\/\/birdielex.fr\/en\/mentions-legales\/","title":{"rendered":"Legal information"},"content":{"rendered":"<div class=\"wp-block-cover alignwide has-background-dim has-background-gradient\" style=\"background:linear-gradient(225deg,rgb(52,52,52) 0%,rgb(6,7,9) 100%);min-height:320px;aspect-ratio:unset;\"><div class=\"wp-block-cover__inner-container is-layout-flow wp-block-cover-is-layout-flow\">\n<h1 class=\"alignfull has-text-align-center has-text-color wp-block-heading\" style=\"color:#d3d3d3\">LEGAL INFORMATIONS<\/h1>\n\n\n\n<hr class=\"wp-block-separator\"\/>\n\n\n\n<p class=\"has-text-align-center has-text-color has-normal-font-size\" style=\"color:#d3d3d3\"><a href=\"https:\/\/birdielex.fr\/en\/\" data-type=\"page\" data-id=\"10\">Home<\/a> \/ <a href=\"https:\/\/birdielex.fr\/en\/fondateur\/\" data-type=\"page\" data-id=\"26\">Legal information<\/a><\/p>\n<\/div><\/div>\n\n\n\n<div class=\"wp-block-group alignwide\"><div class=\"wp-block-group__inner-container is-layout-flow wp-block-group-is-layout-flow\">\n<div class=\"wp-block-columns alignwide is-layout-flex wp-container-core-columns-is-layout-9d6595d7 wp-block-columns-is-layout-flex\">\n<div class=\"wp-block-column is-layout-flow wp-block-column-is-layout-flow\">\n<div class=\"wp-block-group alignfull has-background\" style=\"background:linear-gradient(225deg,rgb(211,211,211) 2%,rgb(158,154,155) 100%)\"><div class=\"wp-block-group__inner-container is-layout-flow wp-block-group-is-layout-flow\">\n<h2 class=\"has-text-align-center has-large-font-size wp-block-heading\"><strong>WEBSITE PRESENTATION<\/strong><\/h2>\n\n\n\n<p class=\"has-drop-cap has-small-font-size\">According to article 6 of Legal provisions no. 2004-575 of 21 june 2004, the users of this website are informed of the Owner\u2019s identity : BIRDIELEX - 20 Avenue Daumesnil - 75012 Paris \u2013 and the publication manager: Rydian DIEYI - contact@birdielex.fr<\/p>\n<\/div><\/div>\n\n\n\n<div class=\"wp-block-group alignfull has-background\" style=\"background:linear-gradient(225deg,rgb(211,211,211) 0%,rgb(158,154,155) 100%)\"><div class=\"wp-block-group__inner-container is-layout-flow wp-block-group-is-layout-flow\">\n<h2 class=\"has-text-align-center has-large-font-size wp-block-heading\"><strong>TERMS AND CONDITIONS OF USE OF THE SITE AND THE SERVICES OFFERED<\/strong><\/h2>\n\n\n\n<p class=\"has-drop-cap has-small-font-size\">The use of the site www.birdielex.com implies full acceptance of terms and conditions of use described below. These conditions of use can be modified or completed at any time. This site is accessible to users at any time to users. However, BIRDILEX can interrupt the site for technical maintenance reasons. BIRDILEX will then endeavour to inform users of said intervention beforehand. \nwww.birdielex.com website is regularly updated by BIRDIELEX. Similarly, Legal information can be modified at any time: they are nevertheless binding on the user, who is invited to refer to them as often as possible.<\/p>\n<\/div><\/div>\n\n\n\n<div class=\"wp-block-group alignfull has-background\" style=\"background:linear-gradient(225deg,rgb(211,211,211) 0%,rgb(158,154,155) 100%)\"><div class=\"wp-block-group__inner-container is-layout-flow wp-block-group-is-layout-flow\">\n<h2 class=\"has-text-align-center has-large-font-size wp-block-heading\"><strong>APPLICABLE LAW AND JURISDICTION<\/strong><\/h2>\n\n\n\n<p class=\"has-drop-cap has-small-font-size\">Any dispute in connection with the use of the site www.birdielex.com is subject to French law. Exclusive jurisdiction is given to the relevant Courts of Paris.<\/p>\n<\/div><\/div>\n\n\n\n<div class=\"wp-block-group alignfull has-background\" style=\"background:linear-gradient(225deg,rgb(211,211,211) 2%,rgb(158,154,155) 100%)\"><div class=\"wp-block-group__inner-container is-layout-flow wp-block-group-is-layout-flow\">\n<h2 class=\"has-text-align-center has-large-font-size wp-block-heading\"><strong>DESCRIPTION OF SERVICES PROVIDED<\/strong><\/h2>\n\n\n\n<p class=\"has-drop-cap has-small-font-size\">The purpose of www.birdielex.com website is to provide information concerning all of the company's activities. BIRDIELEX strives to provide information on the its site that is as accurate as possible. However, it cannot be held responsible for omissions, inaccuracies and deficiences in updating, whether caused by him or by third-party partners who provide it with such information. All the information indicated on www.birdielex.com website is given as an indication, and is likely to evolve. In addition, the information on www.birdielex.com is not extensive. They are given subject to modifications having been brought since their setting on line.<\/p>\n<\/div><\/div>\n\n\n\n<div class=\"wp-block-group alignfull has-background\" style=\"background:linear-gradient(225deg,rgb(211,211,211) 2%,rgb(158,154,155) 100%)\"><div class=\"wp-block-group__inner-container is-layout-flow wp-block-group-is-layout-flow\">\n<h2 class=\"has-text-align-center has-large-font-size wp-block-heading\"><strong>CONTRACTUAL LIMITATION ON TECHNICAL DATA<\/strong><\/h2>\n\n\n\n<p class=\"has-drop-cap has-small-font-size\">The site uses JavaScript technology. The website cannot be held responsible for any material damage related to the use of the site. Moreover, the user of the site agrees to access the site using recent, virus-free equipement and with a last generation updated browser.<\/p>\n<\/div><\/div>\n<\/div>\n\n\n\n<div class=\"wp-block-column is-layout-flow wp-block-column-is-layout-flow\">\n<div class=\"wp-block-group alignfull has-background\" style=\"background:linear-gradient(225deg,rgb(211,211,211) 2%,rgb(158,154,155) 100%)\"><div class=\"wp-block-group__inner-container is-layout-flow wp-block-group-is-layout-flow\">\n<h2 class=\"has-text-align-center has-large-font-size wp-block-heading\"><strong>LIMITATION OF LIABILITY<\/strong><\/h2>\n\n\n\n<p class=\"has-drop-cap has-small-font-size\">BIRDIELEX cannot be held responsible for any direct and indirect damage caused to the user's equipment when accessing the BIRDIELEX site, and resulting either from the use of equipment that does not meet the specifications indicated in point 4, or from the appearance of a bug or incompatibility. BIRDIELEX cannot be held liable for indirect damages (such as loss of business or loss of opportunity) resulting from the use of www.birdielex.com website. Interactive spaces (possibility to ask questions in the contact area) are available to users. BIRDIELEX reserves the right to delete, without prior notice, any content posted in this area that infringes the relevant legal provisions in France, i.e. the provisions relating to data protection. If necessary, BIRDIELEX also reserves the right to invoke the user civil and\/or criminal liability, in the event of messages of a racist, insulting, defamatory or pornographic nature, regardless of the medium used.<\/p>\n<\/div><\/div>\n\n\n\n<div class=\"wp-block-group alignfull has-background\" style=\"background:linear-gradient(225deg,rgb(211,211,211) 2%,rgb(158,154,155) 100%)\"><div class=\"wp-block-group__inner-container is-layout-flow wp-block-group-is-layout-flow\">\n<h2 class=\"has-text-align-center has-large-font-size wp-block-heading\"><strong>PERSONAL DATA MONITORING<\/strong><\/h2>\n\n\n\n<p class=\"has-drop-cap has-small-font-size\">In France, personal data are especially protected by the legal provisions no. 78-87 of 6 January 1978, 2004-801 of 6 August 2004, the article L. 226-13 of the Cirminal Code and the European Directive of 24 October 1995. When using the BIRDIELEX website, no personal data is collected.<\/p>\n<\/div><\/div>\n\n\n\n<div class=\"wp-block-group alignfull has-background\" style=\"background:linear-gradient(225deg,rgb(211,211,211) 2%,rgb(158,154,155) 100%)\"><div class=\"wp-block-group__inner-container is-layout-flow wp-block-group-is-layout-flow\">\n<h2 class=\"has-text-align-center has-large-font-size wp-block-heading\"><strong>LINKS AND COOKIES<\/strong><\/h2>\n\n\n\n<p class=\"has-drop-cap has-small-font-size\">The site www.rydiandieyi.com contains a certain number of hypertext links to other sites, set up with the authorization of BIRDIELEX. However, BIRDIELEX does not have the possibility to check the content of the visited sites, and consequently will not bear any related responsibility for this fact or lack thereof. Browsing the www.birdielex.com site is likely to cause the installation of cookie(s) on the user's computer. A cookie is a small file, which does not allow the identification of the user, but which records information relating to the browsing of a computer on a site. The data thus obtained is intended to facilitate subsequent surfing on the site, and is also intended to enable various measures of frequentation. Refusing to install a cookie can render certain services inacessible. However, the user can configure his or her computer as follows to refuse the installation of cookies: In Internet Explorer: Tools tab \/ Internet options. Click on Confidentiality and choose Block all cookies. Confirm with Ok. Under Netscape: edit tab \/ preferences. Click on Advanced and choose Disable cookies. Validate on Ok.<\/p>\n<\/div><\/div>\n<\/div>\n<\/div>\n<\/div><\/div>\n\n\n\n<p><\/p>","protected":false},"excerpt":{"rendered":"<p>Pr\u00e9sentation du site Conform\u00e9ment \u00e0 l\u2019article 6 de la loi n\u00b0 2004-575 du 21 juin 2004, il est pr\u00e9cis\u00e9 aux utilisateurs du pr\u00e9sent l\u2019identit\u00e9 des principaux intervenants : Propri\u00e9taire : BIRDIELEX \u2013 20 Avenue Daumesnil \u2013 75012 Paris\u00a0; Responsable publication : Rydian DIEYI \u2013 contact@birdielex.fr. Conditions g\u00e9n\u00e9rales d\u2019utilisation du site et des services propos\u00e9s L\u2019utilisation [&hellip;]<\/p>\n","protected":false},"author":1,"featured_media":0,"parent":0,"menu_order":0,"comment_status":"closed","ping_status":"closed","template":"","meta":{"footnotes":""},"class_list":["post-37","page","type-page","status-publish","hentry"],"yoast_head":"<!-- This site is optimized with the Yoast SEO plugin v27.5 - https:\/\/yoast.com\/product\/yoast-seo-wordpress\/ -->\n<title>Mentions l\u00e9gales - BIRDIELEX<\/title>\n<meta name=\"robots\" content=\"index, follow, max-snippet:-1, max-image-preview:large, max-video-preview:-1\" \/>\n<link rel=\"canonical\" href=\"https:\/\/birdielex.fr\/en\/mentions-legales\/\" \/>\n<meta property=\"og:locale\" content=\"en_GB\" \/>\n<meta property=\"og:type\" content=\"article\" \/>\n<meta property=\"og:title\" content=\"Mentions l\u00e9gales - BIRDIELEX\" \/>\n<meta property=\"og:description\" content=\"Pr\u00e9sentation du site Conform\u00e9ment \u00e0 l\u2019article 6 de la loi n\u00b0 2004-575 du 21 juin 2004, il est pr\u00e9cis\u00e9 aux utilisateurs du pr\u00e9sent l\u2019identit\u00e9 des principaux intervenants : Propri\u00e9taire : BIRDIELEX \u2013 20 Avenue Daumesnil \u2013 75012 Paris\u00a0; Responsable publication : Rydian DIEYI \u2013 contact@birdielex.fr. Conditions g\u00e9n\u00e9rales d\u2019utilisation du site et des services propos\u00e9s L\u2019utilisation [&hellip;]\" \/>\n<meta property=\"og:url\" content=\"https:\/\/birdielex.fr\/en\/mentions-legales\/\" \/>\n<meta property=\"og:site_name\" content=\"BIRDIELEX\" \/>\n<meta property=\"article:modified_time\" content=\"2021-03-21T22:47:16+00:00\" \/>\n<meta name=\"twitter:card\" content=\"summary_large_image\" \/>\n<meta name=\"twitter:label1\" content=\"Estimated reading time\" \/>\n\t<meta name=\"twitter:data1\" content=\"5 minutes\" \/>\n<script type=\"application\/ld+json\" class=\"yoast-schema-graph\">{\"@context\":\"https:\\\/\\\/schema.org\",\"@graph\":[{\"@type\":\"WebPage\",\"@id\":\"https:\\\/\\\/birdielex.fr\\\/mentions-legales\\\/\",\"url\":\"https:\\\/\\\/birdielex.fr\\\/mentions-legales\\\/\",\"name\":\"Mentions l\u00e9gales - BIRDIELEX\",\"isPartOf\":{\"@id\":\"https:\\\/\\\/birdielex.fr\\\/#website\"},\"datePublished\":\"2021-03-19T17:00:30+00:00\",\"dateModified\":\"2021-03-21T22:47:16+00:00\",\"breadcrumb\":{\"@id\":\"https:\\\/\\\/birdielex.fr\\\/mentions-legales\\\/#breadcrumb\"},\"inLanguage\":\"en-GB\",\"potentialAction\":[{\"@type\":\"ReadAction\",\"target\":[\"https:\\\/\\\/birdielex.fr\\\/mentions-legales\\\/\"]}]},{\"@type\":\"BreadcrumbList\",\"@id\":\"https:\\\/\\\/birdielex.fr\\\/mentions-legales\\\/#breadcrumb\",\"itemListElement\":[{\"@type\":\"ListItem\",\"position\":1,\"name\":\"Accueil\",\"item\":\"https:\\\/\\\/birdielex.fr\\\/\"},{\"@type\":\"ListItem\",\"position\":2,\"name\":\"Mentions l\u00e9gales\"}]},{\"@type\":\"WebSite\",\"@id\":\"https:\\\/\\\/birdielex.fr\\\/#website\",\"url\":\"https:\\\/\\\/birdielex.fr\\\/\",\"name\":\"BIRDIELEX\",\"description\":\"\",\"publisher\":{\"@id\":\"https:\\\/\\\/birdielex.fr\\\/#organization\"},\"potentialAction\":[{\"@type\":\"SearchAction\",\"target\":{\"@type\":\"EntryPoint\",\"urlTemplate\":\"https:\\\/\\\/birdielex.fr\\\/?s={search_term_string}\"},\"query-input\":{\"@type\":\"PropertyValueSpecification\",\"valueRequired\":true,\"valueName\":\"search_term_string\"}}],\"inLanguage\":\"en-GB\"},{\"@type\":\"Organization\",\"@id\":\"https:\\\/\\\/birdielex.fr\\\/#organization\",\"name\":\"BIRDIELEX\",\"url\":\"https:\\\/\\\/birdielex.fr\\\/\",\"logo\":{\"@type\":\"ImageObject\",\"inLanguage\":\"en-GB\",\"@id\":\"https:\\\/\\\/birdielex.fr\\\/#\\\/schema\\\/logo\\\/image\\\/\",\"url\":\"https:\\\/\\\/birdielex.fr\\\/wp-content\\\/uploads\\\/cropped-BL-logo-dark-copy2.png\",\"contentUrl\":\"https:\\\/\\\/birdielex.fr\\\/wp-content\\\/uploads\\\/cropped-BL-logo-dark-copy2.png\",\"width\":2000,\"height\":449,\"caption\":\"BIRDIELEX\"},\"image\":{\"@id\":\"https:\\\/\\\/birdielex.fr\\\/#\\\/schema\\\/logo\\\/image\\\/\"}}]}<\/script>\n<!-- \/ Yoast SEO plugin. -->","yoast_head_json":{"title":"Mentions l\u00e9gales - BIRDIELEX","robots":{"index":"index","follow":"follow","max-snippet":"max-snippet:-1","max-image-preview":"max-image-preview:large","max-video-preview":"max-video-preview:-1"},"canonical":"https:\/\/birdielex.fr\/en\/mentions-legales\/","og_locale":"en_GB","og_type":"article","og_title":"Mentions l\u00e9gales - BIRDIELEX","og_description":"Pr\u00e9sentation du site Conform\u00e9ment \u00e0 l\u2019article 6 de la loi n\u00b0 2004-575 du 21 juin 2004, il est pr\u00e9cis\u00e9 aux utilisateurs du pr\u00e9sent l\u2019identit\u00e9 des principaux intervenants : Propri\u00e9taire : BIRDIELEX \u2013 20 Avenue Daumesnil \u2013 75012 Paris\u00a0; Responsable publication : Rydian DIEYI \u2013 contact@birdielex.fr. Conditions g\u00e9n\u00e9rales d\u2019utilisation du site et des services propos\u00e9s L\u2019utilisation [&hellip;]","og_url":"https:\/\/birdielex.fr\/en\/mentions-legales\/","og_site_name":"BIRDIELEX","article_modified_time":"2021-03-21T22:47:16+00:00","twitter_card":"summary_large_image","twitter_misc":{"Estimated reading time":"5 minutes"},"schema":{"@context":"https:\/\/schema.org","@graph":[{"@type":"WebPage","@id":"https:\/\/birdielex.fr\/mentions-legales\/","url":"https:\/\/birdielex.fr\/mentions-legales\/","name":"Mentions l\u00e9gales - BIRDIELEX","isPartOf":{"@id":"https:\/\/birdielex.fr\/#website"},"datePublished":"2021-03-19T17:00:30+00:00","dateModified":"2021-03-21T22:47:16+00:00","breadcrumb":{"@id":"https:\/\/birdielex.fr\/mentions-legales\/#breadcrumb"},"inLanguage":"en-GB","potentialAction":[{"@type":"ReadAction","target":["https:\/\/birdielex.fr\/mentions-legales\/"]}]},{"@type":"BreadcrumbList","@id":"https:\/\/birdielex.fr\/mentions-legales\/#breadcrumb","itemListElement":[{"@type":"ListItem","position":1,"name":"Accueil","item":"https:\/\/birdielex.fr\/"},{"@type":"ListItem","position":2,"name":"Mentions l\u00e9gales"}]},{"@type":"WebSite","@id":"https:\/\/birdielex.fr\/#website","url":"https:\/\/birdielex.fr\/","name":"BIRDIELEX","description":"","publisher":{"@id":"https:\/\/birdielex.fr\/#organization"},"potentialAction":[{"@type":"SearchAction","target":{"@type":"EntryPoint","urlTemplate":"https:\/\/birdielex.fr\/?s={search_term_string}"},"query-input":{"@type":"PropertyValueSpecification","valueRequired":true,"valueName":"search_term_string"}}],"inLanguage":"en-GB"},{"@type":"Organization","@id":"https:\/\/birdielex.fr\/#organization","name":"BIRDIELEX","url":"https:\/\/birdielex.fr\/","logo":{"@type":"ImageObject","inLanguage":"en-GB","@id":"https:\/\/birdielex.fr\/#\/schema\/logo\/image\/","url":"https:\/\/birdielex.fr\/wp-content\/uploads\/cropped-BL-logo-dark-copy2.png","contentUrl":"https:\/\/birdielex.fr\/wp-content\/uploads\/cropped-BL-logo-dark-copy2.png","width":2000,"height":449,"caption":"BIRDIELEX"},"image":{"@id":"https:\/\/birdielex.fr\/#\/schema\/logo\/image\/"}}]}},"_links":{"self":[{"href":"https:\/\/birdielex.fr\/en\/wp-json\/wp\/v2\/pages\/37","targetHints":{"allow":["GET"]}}],"collection":[{"href":"https:\/\/birdielex.fr\/en\/wp-json\/wp\/v2\/pages"}],"about":[{"href":"https:\/\/birdielex.fr\/en\/wp-json\/wp\/v2\/types\/page"}],"author":[{"embeddable":true,"href":"https:\/\/birdielex.fr\/en\/wp-json\/wp\/v2\/users\/1"}],"replies":[{"embeddable":true,"href":"https:\/\/birdielex.fr\/en\/wp-json\/wp\/v2\/comments?post=37"}],"version-history":[{"count":8,"href":"https:\/\/birdielex.fr\/en\/wp-json\/wp\/v2\/pages\/37\/revisions"}],"predecessor-version":[{"id":345,"href":"https:\/\/birdielex.fr\/en\/wp-json\/wp\/v2\/pages\/37\/revisions\/345"}],"wp:attachment":[{"href":"https:\/\/birdielex.fr\/en\/wp-json\/wp\/v2\/media?parent=37"}],"curies":[{"name":"wp","href":"https:\/\/api.w.org\/{rel}","templated":true}]}}